{"id":437,"date":"2021-07-06T13:00:24","date_gmt":"2021-07-06T13:00:24","guid":{"rendered":"https:\/\/ot.com.br\/?page_id=437"},"modified":"2021-08-23T09:25:13","modified_gmt":"2021-08-23T12:25:13","slug":"parceiros","status":"publish","type":"page","link":"https:\/\/ot.com.br\/index.php\/home-teste\/parceiros\/","title":{"rendered":"Parceiros"},"content":{"rendered":"\t\t<div data-elementor-type=\"wp-page\" data-elementor-id=\"437\" class=\"elementor elementor-437\" data-elementor-settings=\"[]\">\n\t\t\t\t\t\t\t<div class=\"elementor-section-wrap\">\n\t\t\t\t\t\t\t<section class=\"elementor-section elementor-top-section elementor-element elementor-element-64b3960b elementor-section-full_width elementor-section-height-default elementor-section-height-default\" data-id=\"64b3960b\" data-element_type=\"section\" data-settings=\"{&quot;background_background&quot;:&quot;gradient&quot;,&quot;sticky&quot;:&quot;top&quot;,&quot;sticky_on&quot;:[&quot;desktop&quot;,&quot;tablet&quot;,&quot;mobile&quot;],&quot;sticky_offset&quot;:0,&quot;sticky_effects_offset&quot;:0}\">\n\t\t\t\t\t\t<div class=\"elementor-container elementor-column-gap-default\">\n\t\t\t\t\t<div class=\"elementor-column elementor-col-100 elementor-top-column elementor-element elementor-element-2325749\" data-id=\"2325749\" data-element_type=\"column\">\n\t\t\t<div class=\"elementor-widget-wrap elementor-element-populated\">\n\t\t\t\t\t\t\t\t<div class=\"elementor-element elementor-element-42eaa173 elementor-nav-menu__align-justify elementor-nav-menu--dropdown-tablet elementor-nav-menu__text-align-aside elementor-nav-menu--toggle elementor-nav-menu--burger elementor-widget elementor-widget-nav-menu\" data-id=\"42eaa173\" data-element_type=\"widget\" data-settings=\"{&quot;layout&quot;:&quot;horizontal&quot;,&quot;submenu_icon&quot;:{&quot;value&quot;:&quot;fas fa-caret-down&quot;,&quot;library&quot;:&quot;fa-solid&quot;},&quot;toggle&quot;:&quot;burger&quot;}\" data-widget_type=\"nav-menu.default\">\n\t\t\t\t<div class=\"elementor-widget-container\">\n\t\t\t\t\t\t<nav migration_allowed=\"1\" migrated=\"0\" role=\"navigation\" class=\"elementor-nav-menu--main elementor-nav-menu__container elementor-nav-menu--layout-horizontal e--pointer-text e--animation-grow\"><ul id=\"menu-1-42eaa173\" class=\"elementor-nav-menu\"><li class=\"menu-item menu-item-type-post_type menu-item-object-page menu-item-home menu-item-1065\"><a href=\"https:\/\/ot.com.br\/\" class=\"elementor-item\"><i class=\"_mi dashicons dashicons-admin-home\" aria-hidden=\"true\" style=\"font-size:2em;vertical-align:text-bottom;\"><\/i><span class=\"visuallyhidden\">Home<\/span><\/a><\/li>\n<li class=\"menu-item menu-item-type-post_type menu-item-object-page menu-item-1154\"><a href=\"https:\/\/ot.com.br\/index.php\/portifolio-teste\/\" class=\"elementor-item\">Portf\u00f3lio<\/a><\/li>\n<li class=\"menu-item menu-item-type-post_type menu-item-object-page menu-item-441\"><a href=\"https:\/\/ot.com.br\/index.php\/projetos-e-solucoes\/\" class=\"elementor-item\">Servi\u00e7os<\/a><\/li>\n<li class=\"menu-item menu-item-type-post_type menu-item-object-page menu-item-1128\"><a href=\"https:\/\/ot.com.br\/index.php\/clientes\/\" class=\"elementor-item\">Clientes<\/a><\/li>\n<li class=\"menu-item menu-item-type-post_type menu-item-object-page menu-item-438\"><a href=\"https:\/\/ot.com.br\/index.php\/home-teste\/parceiros\/\" class=\"elementor-item\">Parceiros<\/a><\/li>\n<li class=\"menu-item menu-item-type-post_type menu-item-object-page menu-item-433\"><a href=\"https:\/\/ot.com.br\/index.php\/home-teste\/sobre\/\" class=\"elementor-item\">Sobre<\/a><\/li>\n<li class=\"menu-item menu-item-type-post_type menu-item-object-page menu-item-435\"><a href=\"https:\/\/ot.com.br\/index.php\/login\/\" class=\"elementor-item\">Login<\/a><\/li>\n<\/ul><\/nav>\n\t\t\t\t\t<div class=\"elementor-menu-toggle\" role=\"button\" tabindex=\"0\" aria-label=\"Alternar menu\" aria-expanded=\"false\">\n\t\t\t<i class=\"eicon-menu-bar\" aria-hidden=\"true\" role=\"presentation\"><\/i>\n\t\t\t<span class=\"elementor-screen-only\">Menu<\/span>\n\t\t<\/div>\n\t\t\t<nav class=\"elementor-nav-menu--dropdown elementor-nav-menu__container\" role=\"navigation\" aria-hidden=\"true\"><ul id=\"menu-2-42eaa173\" class=\"elementor-nav-menu\"><li class=\"menu-item menu-item-type-post_type menu-item-object-page menu-item-home menu-item-1065\"><a href=\"https:\/\/ot.com.br\/\" class=\"elementor-item\" tabindex=\"-1\"><i class=\"_mi dashicons dashicons-admin-home\" aria-hidden=\"true\" style=\"font-size:2em;vertical-align:text-bottom;\"><\/i><span class=\"visuallyhidden\">Home<\/span><\/a><\/li>\n<li class=\"menu-item menu-item-type-post_type menu-item-object-page menu-item-1154\"><a href=\"https:\/\/ot.com.br\/index.php\/portifolio-teste\/\" class=\"elementor-item\" tabindex=\"-1\">Portf\u00f3lio<\/a><\/li>\n<li class=\"menu-item menu-item-type-post_type menu-item-object-page menu-item-441\"><a href=\"https:\/\/ot.com.br\/index.php\/projetos-e-solucoes\/\" class=\"elementor-item\" tabindex=\"-1\">Servi\u00e7os<\/a><\/li>\n<li class=\"menu-item menu-item-type-post_type menu-item-object-page menu-item-1128\"><a href=\"https:\/\/ot.com.br\/index.php\/clientes\/\" class=\"elementor-item\" tabindex=\"-1\">Clientes<\/a><\/li>\n<li class=\"menu-item menu-item-type-post_type menu-item-object-page menu-item-438\"><a href=\"https:\/\/ot.com.br\/index.php\/home-teste\/parceiros\/\" class=\"elementor-item\" tabindex=\"-1\">Parceiros<\/a><\/li>\n<li class=\"menu-item menu-item-type-post_type menu-item-object-page menu-item-433\"><a href=\"https:\/\/ot.com.br\/index.php\/home-teste\/sobre\/\" class=\"elementor-item\" tabindex=\"-1\">Sobre<\/a><\/li>\n<li class=\"menu-item menu-item-type-post_type menu-item-object-page menu-item-435\"><a href=\"https:\/\/ot.com.br\/index.php\/login\/\" class=\"elementor-item\" tabindex=\"-1\">Login<\/a><\/li>\n<\/ul><\/nav>\n\t\t\t\t<\/div>\n\t\t\t\t<\/div>\n\t\t\t\t\t<\/div>\n\t\t<\/div>\n\t\t\t\t\t\t\t<\/div>\n\t\t<\/section>\n\t\t\t\t<section class=\"elementor-section elementor-top-section elementor-element elementor-element-323573c7 elementor-section-boxed elementor-section-height-default elementor-section-height-default\" data-id=\"323573c7\" data-element_type=\"section\" data-settings=\"{&quot;background_background&quot;:&quot;classic&quot;}\">\n\t\t\t\t\t\t<div class=\"elementor-container elementor-column-gap-default\">\n\t\t\t\t\t<div class=\"elementor-column elementor-col-100 elementor-top-column elementor-element elementor-element-54766cd5\" data-id=\"54766cd5\" data-element_type=\"column\">\n\t\t\t<div class=\"elementor-widget-wrap elementor-element-populated\">\n\t\t\t\t\t\t\t\t<div class=\"elementor-element elementor-element-06b559d elementor-widget elementor-widget-heading\" data-id=\"06b559d\" data-element_type=\"widget\" data-widget_type=\"heading.default\">\n\t\t\t\t<div class=\"elementor-widget-container\">\n\t\t\t<h2 class=\"elementor-heading-title elementor-size-large\">Juntamente com nossos parceiros, garantimos o m\u00e1ximo de aproveitamento de suas tecnologias para quaisquer desafios que sua empresa possa precisar.<\/h2>\t\t<\/div>\n\t\t\t\t<\/div>\n\t\t\t\t<div class=\"elementor-element elementor-element-9ae75ce elementor-widget elementor-widget-spacer\" data-id=\"9ae75ce\" data-element_type=\"widget\" data-widget_type=\"spacer.default\">\n\t\t\t\t<div class=\"elementor-widget-container\">\n\t\t\t\t\t<div class=\"elementor-spacer\">\n\t\t\t<div class=\"elementor-spacer-inner\"><\/div>\n\t\t<\/div>\n\t\t\t\t<\/div>\n\t\t\t\t<\/div>\n\t\t\t\t<div class=\"elementor-element elementor-element-f953ac9 elementor-widget elementor-widget-gallery\" data-id=\"f953ac9\" data-element_type=\"widget\" data-settings=\"{&quot;gallery_layout&quot;:&quot;masonry&quot;,&quot;gap&quot;:{&quot;unit&quot;:&quot;px&quot;,&quot;size&quot;:15,&quot;sizes&quot;:[]},&quot;columns&quot;:4,&quot;columns_tablet&quot;:2,&quot;columns_mobile&quot;:1,&quot;gap_tablet&quot;:{&quot;unit&quot;:&quot;px&quot;,&quot;size&quot;:10,&quot;sizes&quot;:[]},&quot;gap_mobile&quot;:{&quot;unit&quot;:&quot;px&quot;,&quot;size&quot;:10,&quot;sizes&quot;:[]},&quot;link_to&quot;:&quot;file&quot;,&quot;overlay_background&quot;:&quot;yes&quot;,&quot;content_hover_animation&quot;:&quot;fade-in&quot;}\" data-widget_type=\"gallery.default\">\n\t\t\t\t<div class=\"elementor-widget-container\">\n\t\t\t\t\t<div class=\"elementor-gallery__container\">\n\t\t\t\t\t\t\t<a class=\"e-gallery-item elementor-gallery-item elementor-animated-content\" href=\"https:\/\/ot.com.br\/wp-content\/uploads\/2021\/08\/dell-300x168-removebg-preview.png\" data-elementor-open-lightbox=\"yes\" data-elementor-lightbox-slideshow=\"all-f953ac9\" data-elementor-lightbox-title=\"dell-300x168-removebg-preview\">\n\t\t\t\t\t<div class=\"e-gallery-image elementor-gallery-item__image\" data-thumbnail=\"https:\/\/ot.com.br\/wp-content\/uploads\/2021\/08\/dell-300x168-removebg-preview.png\" data-width=\"300\" data-height=\"168\" alt=\"\" ><\/div>\n\t\t\t\t\t\t\t\t\t\t<div class=\"elementor-gallery-item__overlay\"><\/div>\n\t\t\t\t\t\t\t\t\t\t\t\t\t\t<\/a>\n\t\t\t\t\t\t\t<a class=\"e-gallery-item elementor-gallery-item elementor-animated-content\" href=\"https:\/\/ot.com.br\/wp-content\/uploads\/2021\/08\/cisco-removebg-preview.png\" data-elementor-open-lightbox=\"yes\" data-elementor-lightbox-slideshow=\"all-f953ac9\" data-elementor-lightbox-title=\"cisco-removebg-preview\">\n\t\t\t\t\t<div class=\"e-gallery-image elementor-gallery-item__image\" data-thumbnail=\"https:\/\/ot.com.br\/wp-content\/uploads\/2021\/08\/cisco-removebg-preview.png\" data-width=\"300\" data-height=\"168\" alt=\"\" ><\/div>\n\t\t\t\t\t\t\t\t\t\t<div class=\"elementor-gallery-item__overlay\"><\/div>\n\t\t\t\t\t\t\t\t\t\t\t\t\t\t<\/a>\n\t\t\t\t\t\t\t<a class=\"e-gallery-item elementor-gallery-item elementor-animated-content\" href=\"https:\/\/ot.com.br\/wp-content\/uploads\/2021\/08\/IBM-removebg-preview.png\" data-elementor-open-lightbox=\"yes\" data-elementor-lightbox-slideshow=\"all-f953ac9\" data-elementor-lightbox-title=\"IBM-removebg-preview\">\n\t\t\t\t\t<div class=\"e-gallery-image elementor-gallery-item__image\" data-thumbnail=\"https:\/\/ot.com.br\/wp-content\/uploads\/2021\/08\/IBM-removebg-preview.png\" data-width=\"300\" data-height=\"168\" alt=\"\" ><\/div>\n\t\t\t\t\t\t\t\t\t\t<div class=\"elementor-gallery-item__overlay\"><\/div>\n\t\t\t\t\t\t\t\t\t\t\t\t\t\t<\/a>\n\t\t\t\t\t\t\t<a class=\"e-gallery-item elementor-gallery-item elementor-animated-content\" href=\"https:\/\/ot.com.br\/wp-content\/uploads\/2021\/08\/intel-removebg-preview.png\" data-elementor-open-lightbox=\"yes\" data-elementor-lightbox-slideshow=\"all-f953ac9\" data-elementor-lightbox-title=\"intel-removebg-preview\">\n\t\t\t\t\t<div class=\"e-gallery-image elementor-gallery-item__image\" data-thumbnail=\"https:\/\/ot.com.br\/wp-content\/uploads\/2021\/08\/intel-removebg-preview.png\" data-width=\"300\" data-height=\"168\" alt=\"\" ><\/div>\n\t\t\t\t\t\t\t\t\t\t<div class=\"elementor-gallery-item__overlay\"><\/div>\n\t\t\t\t\t\t\t\t\t\t\t\t\t\t<\/a>\n\t\t\t\t\t\t\t<a class=\"e-gallery-item elementor-gallery-item elementor-animated-content\" href=\"https:\/\/ot.com.br\/wp-content\/uploads\/2021\/07\/oracle-removebg-preview.png\" data-elementor-open-lightbox=\"yes\" data-elementor-lightbox-slideshow=\"all-f953ac9\" data-elementor-lightbox-title=\"oracle-removebg-preview\">\n\t\t\t\t\t<div class=\"e-gallery-image elementor-gallery-item__image\" data-thumbnail=\"https:\/\/ot.com.br\/wp-content\/uploads\/2021\/07\/oracle-removebg-preview.png\" data-width=\"300\" data-height=\"168\" alt=\"\" ><\/div>\n\t\t\t\t\t\t\t\t\t\t<div class=\"elementor-gallery-item__overlay\"><\/div>\n\t\t\t\t\t\t\t\t\t\t\t\t\t\t<\/a>\n\t\t\t\t\t\t\t<a class=\"e-gallery-item elementor-gallery-item elementor-animated-content\" href=\"https:\/\/ot.com.br\/wp-content\/uploads\/2021\/08\/SYMANTEC-300x167-removebg-preview.png\" data-elementor-open-lightbox=\"yes\" data-elementor-lightbox-slideshow=\"all-f953ac9\" data-elementor-lightbox-title=\"SYMANTEC-300x167-removebg-preview\">\n\t\t\t\t\t<div class=\"e-gallery-image elementor-gallery-item__image\" data-thumbnail=\"https:\/\/ot.com.br\/wp-content\/uploads\/2021\/08\/SYMANTEC-300x167-removebg-preview.png\" data-width=\"300\" data-height=\"167\" alt=\"\" ><\/div>\n\t\t\t\t\t\t\t\t\t\t<div class=\"elementor-gallery-item__overlay\"><\/div>\n\t\t\t\t\t\t\t\t\t\t\t\t\t\t<\/a>\n\t\t\t\t\t\t\t<a class=\"e-gallery-item elementor-gallery-item elementor-animated-content\" href=\"https:\/\/ot.com.br\/wp-content\/uploads\/2021\/08\/Unisys-removebg-preview.png\" data-elementor-open-lightbox=\"yes\" data-elementor-lightbox-slideshow=\"all-f953ac9\" data-elementor-lightbox-title=\"Unisys-removebg-preview\">\n\t\t\t\t\t<div class=\"e-gallery-image elementor-gallery-item__image\" data-thumbnail=\"https:\/\/ot.com.br\/wp-content\/uploads\/2021\/08\/Unisys-removebg-preview-300x300.png\" data-width=\"300\" data-height=\"300\" alt=\"\" ><\/div>\n\t\t\t\t\t\t\t\t\t\t<div class=\"elementor-gallery-item__overlay\"><\/div>\n\t\t\t\t\t\t\t\t\t\t\t\t\t\t<\/a>\n\t\t\t\t\t\t\t<a class=\"e-gallery-item elementor-gallery-item elementor-animated-content\" href=\"https:\/\/ot.com.br\/wp-content\/uploads\/2021\/08\/NEC.png\" data-elementor-open-lightbox=\"yes\" data-elementor-lightbox-slideshow=\"all-f953ac9\" data-elementor-lightbox-title=\"NEC\">\n\t\t\t\t\t<div class=\"e-gallery-image elementor-gallery-item__image\" data-thumbnail=\"https:\/\/ot.com.br\/wp-content\/uploads\/2021\/08\/NEC-300x169.png\" data-width=\"300\" data-height=\"169\" alt=\"\" ><\/div>\n\t\t\t\t\t\t\t\t\t\t<div class=\"elementor-gallery-item__overlay\"><\/div>\n\t\t\t\t\t\t\t\t\t\t\t\t\t\t<\/a>\n\t\t\t\t\t\t\t<a class=\"e-gallery-item elementor-gallery-item elementor-animated-content\" href=\"https:\/\/ot.com.br\/wp-content\/uploads\/2021\/08\/huawei-removebg-preview.png\" data-elementor-open-lightbox=\"yes\" data-elementor-lightbox-slideshow=\"all-f953ac9\" data-elementor-lightbox-title=\"huawei-removebg-preview\">\n\t\t\t\t\t<div class=\"e-gallery-image elementor-gallery-item__image\" data-thumbnail=\"https:\/\/ot.com.br\/wp-content\/uploads\/2021\/08\/huawei-removebg-preview.png\" data-width=\"300\" data-height=\"168\" alt=\"\" ><\/div>\n\t\t\t\t\t\t\t\t\t\t<div class=\"elementor-gallery-item__overlay\"><\/div>\n\t\t\t\t\t\t\t\t\t\t\t\t\t\t<\/a>\n\t\t\t\t\t\t\t<a class=\"e-gallery-item elementor-gallery-item elementor-animated-content\" href=\"https:\/\/ot.com.br\/wp-content\/uploads\/2021\/08\/ERICSSON-removebg-preview.png\" data-elementor-open-lightbox=\"yes\" data-elementor-lightbox-slideshow=\"all-f953ac9\" data-elementor-lightbox-title=\"ERICSSON-removebg-preview\">\n\t\t\t\t\t<div class=\"e-gallery-image elementor-gallery-item__image\" data-thumbnail=\"https:\/\/ot.com.br\/wp-content\/uploads\/2021\/08\/ERICSSON-removebg-preview-300x263.png\" data-width=\"300\" data-height=\"263\" alt=\"\" ><\/div>\n\t\t\t\t\t\t\t\t\t\t<div class=\"elementor-gallery-item__overlay\"><\/div>\n\t\t\t\t\t\t\t\t\t\t\t\t\t\t<\/a>\n\t\t\t\t\t\t\t<a class=\"e-gallery-item elementor-gallery-item elementor-animated-content\" href=\"https:\/\/ot.com.br\/wp-content\/uploads\/2021\/07\/HP-removebg-preview.png\" data-elementor-open-lightbox=\"yes\" data-elementor-lightbox-slideshow=\"all-f953ac9\" data-elementor-lightbox-title=\"HP-removebg-preview\">\n\t\t\t\t\t<div class=\"e-gallery-image elementor-gallery-item__image\" data-thumbnail=\"https:\/\/ot.com.br\/wp-content\/uploads\/2021\/07\/HP-removebg-preview.png\" data-width=\"300\" data-height=\"168\" alt=\"\" ><\/div>\n\t\t\t\t\t\t\t\t\t\t<div class=\"elementor-gallery-item__overlay\"><\/div>\n\t\t\t\t\t\t\t\t\t\t\t\t\t\t<\/a>\n\t\t\t\t\t<\/div>\n\t\t\t<\/div>\n\t\t\t\t<\/div>\n\t\t\t\t<div class=\"elementor-element elementor-element-50b77ba elementor-widget elementor-widget-spacer\" data-id=\"50b77ba\" data-element_type=\"widget\" data-widget_type=\"spacer.default\">\n\t\t\t\t<div class=\"elementor-widget-container\">\n\t\t\t\t\t<div class=\"elementor-spacer\">\n\t\t\t<div class=\"elementor-spacer-inner\"><\/div>\n\t\t<\/div>\n\t\t\t\t<\/div>\n\t\t\t\t<\/div>\n\t\t\t\t<div class=\"elementor-element elementor-element-6e5447a elementor-widget elementor-widget-heading\" data-id=\"6e5447a\" data-element_type=\"widget\" data-widget_type=\"heading.default\">\n\t\t\t\t<div class=\"elementor-widget-container\">\n\t\t\t<h2 class=\"elementor-heading-title elementor-size-large\">Confira o nosso portf\u00f3lio<\/h2>\t\t<\/div>\n\t\t\t\t<\/div>\n\t\t\t\t<div class=\"elementor-element elementor-element-a978229 elementor-align-center elementor-widget elementor-widget-button\" data-id=\"a978229\" data-element_type=\"widget\" data-widget_type=\"button.default\">\n\t\t\t\t<div class=\"elementor-widget-container\">\n\t\t\t\t\t<div class=\"elementor-button-wrapper\">\n\t\t\t<a href=\"https:\/\/ot.com.br\/index.php\/portifolio-teste\/\" class=\"elementor-button-link elementor-button elementor-size-md\" role=\"button\">\n\t\t\t\t\t\t<span class=\"elementor-button-content-wrapper\">\n\t\t\t\t\t\t<span class=\"elementor-button-text\">Clique aqui<\/span>\n\t\t<\/span>\n\t\t\t\t\t<\/a>\n\t\t<\/div>\n\t\t\t\t<\/div>\n\t\t\t\t<\/div>\n\t\t\t\t<div class=\"elementor-element elementor-element-7abbabc elementor-widget elementor-widget-spacer\" data-id=\"7abbabc\" data-element_type=\"widget\" data-widget_type=\"spacer.default\">\n\t\t\t\t<div class=\"elementor-widget-container\">\n\t\t\t\t\t<div class=\"elementor-spacer\">\n\t\t\t<div class=\"elementor-spacer-inner\"><\/div>\n\t\t<\/div>\n\t\t\t\t<\/div>\n\t\t\t\t<\/div>\n\t\t\t\t\t<\/div>\n\t\t<\/div>\n\t\t\t\t\t\t\t<\/div>\n\t\t<\/section>\n\t\t\t\t<section class=\"elementor-section elementor-top-section elementor-element elementor-element-5a5bcb51 elementor-section-boxed elementor-section-height-default elementor-section-height-default\" data-id=\"5a5bcb51\" data-element_type=\"section\" data-settings=\"{&quot;background_background&quot;:&quot;gradient&quot;}\">\n\t\t\t\t\t\t<div class=\"elementor-container elementor-column-gap-default\">\n\t\t\t\t\t<div class=\"elementor-column elementor-col-33 elementor-top-column elementor-element elementor-element-40e15126\" data-id=\"40e15126\" data-element_type=\"column\">\n\t\t\t<div class=\"elementor-widget-wrap elementor-element-populated\">\n\t\t\t\t\t\t\t\t<div class=\"elementor-element elementor-element-35445025 elementor-widget elementor-widget-text-editor\" data-id=\"35445025\" data-element_type=\"widget\" data-widget_type=\"text-editor.default\">\n\t\t\t\t<div class=\"elementor-widget-container\">\n\t\t\t\t\t\t\t<p><em><strong>Localiza\u00e7\u00e3o<\/strong><\/em><\/p><p><em><strong>Rua Dr. Alfredo de Castro, 200 &#8211; Conj. 806 e 807 &#8211;\u00a0 Barra Funda, S\u00e3o Paulo &#8211; SP, 01155-060<\/strong><\/em><\/p>\t\t\t\t\t\t<\/div>\n\t\t\t\t<\/div>\n\t\t\t\t\t<\/div>\n\t\t<\/div>\n\t\t\t\t<div class=\"elementor-column elementor-col-33 elementor-top-column elementor-element elementor-element-3c5519ca\" data-id=\"3c5519ca\" data-element_type=\"column\">\n\t\t\t<div class=\"elementor-widget-wrap elementor-element-populated\">\n\t\t\t\t\t\t\t\t<div class=\"elementor-element elementor-element-774835a5 elementor-absolute elementor-widget elementor-widget-text-editor\" data-id=\"774835a5\" data-element_type=\"widget\" data-settings=\"{&quot;_position&quot;:&quot;absolute&quot;}\" data-widget_type=\"text-editor.default\">\n\t\t\t\t<div class=\"elementor-widget-container\">\n\t\t\t\t\t\t\t<p><em><strong>Nosso contato<\/strong><\/em><\/p><p><em><strong>Tel (11) 3866-1201<\/strong><\/em><\/p><p><em><strong>Email: opentech@ot.com.br<\/strong><\/em><\/p>\t\t\t\t\t\t<\/div>\n\t\t\t\t<\/div>\n\t\t\t\t\t<\/div>\n\t\t<\/div>\n\t\t\t\t<div class=\"elementor-column elementor-col-33 elementor-top-column elementor-element elementor-element-77ee97bb\" data-id=\"77ee97bb\" data-element_type=\"column\">\n\t\t\t<div class=\"elementor-widget-wrap elementor-element-populated\">\n\t\t\t\t\t\t\t\t<div class=\"elementor-element elementor-element-103714e elementor-widget elementor-widget-text-editor\" data-id=\"103714e\" data-element_type=\"widget\" data-widget_type=\"text-editor.default\">\n\t\t\t\t<div class=\"elementor-widget-container\">\n\t\t\t\t\t\t\t<p><em><strong>Follow us:<\/strong><\/em><\/p>\t\t\t\t\t\t<\/div>\n\t\t\t\t<\/div>\n\t\t\t\t<div class=\"elementor-element elementor-element-4a6d9183 elementor-absolute elementor-shape-rounded elementor-grid-0 e-grid-align-center elementor-widget elementor-widget-social-icons\" data-id=\"4a6d9183\" data-element_type=\"widget\" data-settings=\"{&quot;_position&quot;:&quot;absolute&quot;}\" data-widget_type=\"social-icons.default\">\n\t\t\t\t<div class=\"elementor-widget-container\">\n\t\t\t\t\t<div class=\"elementor-social-icons-wrapper elementor-grid\">\n\t\t\t\t\t\t\t<span class=\"elementor-grid-item\">\n\t\t\t\t\t<a class=\"elementor-icon elementor-social-icon elementor-social-icon-linkedin elementor-repeater-item-97c8327\" href=\"https:\/\/br.linkedin.com\/company\/opentech\" target=\"_blank\">\n\t\t\t\t\t\t<span class=\"elementor-screen-only\">Linkedin<\/span>\n\t\t\t\t\t\t<i class=\"fab fa-linkedin\"><\/i>\t\t\t\t\t<\/a>\n\t\t\t\t<\/span>\n\t\t\t\t\t<\/div>\n\t\t\t\t<\/div>\n\t\t\t\t<\/div>\n\t\t\t\t\t<\/div>\n\t\t<\/div>\n\t\t\t\t\t\t\t<\/div>\n\t\t<\/section>\n\t\t\t\t\t\t<\/div>\n\t\t\t\t\t<\/div>\n\t\t","protected":false},"excerpt":{"rendered":"<p>Juntamente com nossos parceiros, garantimos o m\u00e1ximo de aproveitamento de suas tecnologias para quaisquer desafios que sua empresa possa precisar. Confira o nosso portf\u00f3lio Clique aqui Localiza\u00e7\u00e3o Rua Dr. Alfredo de Castro, 200 &#8211; Conj. 806 e 807 &#8211;\u00a0 Barra Funda, S\u00e3o Paulo &#8211; SP, 01155-060 Nosso contato Tel (11) 3866-1201 Email: opentech@ot.com.br Follow us: [&hellip;]<\/p>\n","protected":false},"author":1,"featured_media":0,"parent":228,"menu_order":0,"comment_status":"closed","ping_status":"closed","template":"elementor_canvas","meta":{"footnotes":""},"class_list":["post-437","page","type-page","status-publish","hentry"],"_links":{"self":[{"href":"https:\/\/ot.com.br\/index.php\/wp-json\/wp\/v2\/pages\/437","targetHints":{"allow":["GET"]}}],"collection":[{"href":"https:\/\/ot.com.br\/index.php\/wp-json\/wp\/v2\/pages"}],"about":[{"href":"https:\/\/ot.com.br\/index.php\/wp-json\/wp\/v2\/types\/page"}],"author":[{"embeddable":true,"href":"https:\/\/ot.com.br\/index.php\/wp-json\/wp\/v2\/users\/1"}],"replies":[{"embeddable":true,"href":"https:\/\/ot.com.br\/index.php\/wp-json\/wp\/v2\/comments?post=437"}],"version-history":[{"count":12,"href":"https:\/\/ot.com.br\/index.php\/wp-json\/wp\/v2\/pages\/437\/revisions"}],"predecessor-version":[{"id":3437,"href":"https:\/\/ot.com.br\/index.php\/wp-json\/wp\/v2\/pages\/437\/revisions\/3437"}],"up":[{"embeddable":true,"href":"https:\/\/ot.com.br\/index.php\/wp-json\/wp\/v2\/pages\/228"}],"wp:attachment":[{"href":"https:\/\/ot.com.br\/index.php\/wp-json\/wp\/v2\/media?parent=437"}],"curies":[{"name":"wp","href":"https:\/\/api.w.org\/{rel}","templated":true}]}}